{"id":4247,"date":"2020-09-28T21:40:11","date_gmt":"2020-09-28T21:40:11","guid":{"rendered":"https:\/\/euroinject.com\/uber-uns\/"},"modified":"2026-01-29T20:48:49","modified_gmt":"2026-01-29T20:48:49","slug":"uber-uns","status":"publish","type":"page","link":"http:\/\/euroinject.com\/de\/uber-uns\/","title":{"rendered":"\u00dcber uns"},"content":{"rendered":"\t\t<div data-elementor-type=\"wp-page\" data-elementor-id=\"4247\" class=\"elementor elementor-4247\" data-elementor-post-type=\"page\">\n\t\t\t\t\t\t\t\t\t<section class=\"elementor-section elementor-top-section elementor-element elementor-element-2d6fe2a0 elementor-section-boxed elementor-section-height-default elementor-section-height-default\" data-id=\"2d6fe2a0\" data-element_type=\"section\">\n\t\t\t\t\t\t<div class=\"elementor-container elementor-column-gap-default\">\n\t\t\t\t\t<div class=\"elementor-column elementor-col-100 elementor-top-column elementor-element elementor-element-2476ca8c\" data-id=\"2476ca8c\" data-element_type=\"column\">\n\t\t\t<div class=\"elementor-widget-wrap elementor-element-populated\">\n\t\t\t\t\t\t\t\t<section class=\"elementor-section elementor-inner-section elementor-element elementor-element-e2c9e19 bg-white shadow-lg rounded-xl overflow-hidden elementor-section-boxed elementor-section-height-default elementor-section-height-default\" data-id=\"e2c9e19\" data-element_type=\"section\">\n\t\t\t\t\t\t<div class=\"elementor-container elementor-column-gap-default\">\n\t\t\t\t\t<div class=\"elementor-column elementor-col-50 elementor-inner-column elementor-element elementor-element-2c9eb659\" data-id=\"2c9eb659\" data-element_type=\"column\">\n\t\t\t<div class=\"elementor-widget-wrap elementor-element-populated\">\n\t\t\t\t\t\t\t\t<div class=\"elementor-element elementor-element-1ec2bfca elementor-widget elementor-widget-pix-sliding-text\" data-id=\"1ec2bfca\" data-element_type=\"widget\" data-widget_type=\"pix-sliding-text.default\">\n\t\t\t\t<div class=\"elementor-widget-container\">\n\t\t\t<div id=\"sliding-text-129891138\" class=\"mb-3 text-left \"><h4 class=\"mb-32 pix-sliding-headline-2 animate-in font-weight-bold secondary-font \" data-anim-type=\"pix-sliding-text\" pix-anim-delay=\"500\" data-class=\"secondary-font text-primary\" style=\"\"><span class=\"slide-in-container \"><span class=\"pix-sliding-item secondary-font text-primary\" style=\"transition-delay: 0ms;\">\u00dcber&#32;<\/span><\/span> <span class=\"slide-in-container \"><span class=\"pix-sliding-item secondary-font text-primary\" style=\"transition-delay: 150ms;\">uns&#32;<\/span><\/span> <\/h4><\/div>\t\t<\/div>\n\t\t\t\t<\/div>\n\t\t\t\t<div class=\"elementor-element elementor-element-60d203f3 elementor-invisible elementor-widget elementor-widget-pix-text\" data-id=\"60d203f3\" data-element_type=\"widget\" data-widget_type=\"pix-text.default\">\n\t\t\t\t<div class=\"elementor-widget-container\">\n\t\t\t<div class=\"pix-el-text w-100 text-left \" ><p class=\"resp-option text-left \"><div class=\" animate-in d-inline-block\" data-anim-delay=\"200\" data-anim-type=\"fade-in-up\"><p class=\"my-0\"><strong>Ihr zuverl\u00e4ssiger Partner in der Welt der Automobil- und Industrielackierung seit 2008.<\/strong><\/p><p class=\"my-0\"><strong>Euroinject<\/strong> ist ein f\u00fchrender Hersteller von hochwertigen Verbrauchsmaterialien f\u00fcr die Automobil- und Industrielackierung.<\/p><p class=\"my-0\"><strong>Unsere Vorteile:<\/strong><\/p><ul class=\"marker:text-textOff list-disc\"><li><p class=\"my-0\">Produktion unter Eigenmarken<\/p><\/li><li><p class=\"my-0\">Individueller Ansatz f\u00fcr jeden Kunden<\/p><\/li><li><p class=\"my-0\">Breites Produktsortiment<\/p><\/li><li><p class=\"my-0\">Attraktive Preise durch optimierte Beschaffung<\/p><\/li><\/ul><p class=\"my-0\">Wir entwickeln und produzieren den Gro\u00dfteil unserer Produkte selbst, garantieren h\u00f6chste Qualit\u00e4t und bieten die M\u00f6glichkeit zur individuellen Anpassung an Ihre Bed\u00fcrfnisse. Au\u00dferdem bieten wir einen Private-Label-Service an, mit dem Sie einzigartige Produkte unter Ihrer eigenen Marke herausbringen k\u00f6nnen.<br \/><br \/><\/p><p class=\"my-0\">W\u00e4hlen Sie Euroinject f\u00fcr hochwertige L\u00f6sungen im Bereich Lackierung und zur Schaffung eines einzigartigen Angebots auf Ihrem Markt!<\/p><\/div><\/p><\/div>\t\t<\/div>\n\t\t\t\t<\/div>\n\t\t\t\t<div class=\"elementor-element elementor-element-ad6c846 elementor-widget__width-auto elementor-widget elementor-widget-pix-button\" data-id=\"ad6c846\" data-element_type=\"widget\" data-widget_type=\"pix-button.default\">\n\t\t\t\t<div class=\"elementor-widget-container\">\n\t\t\t<a  href=\"\/de\/kontakt\/\" class=\"btn m-0     shadow-sm text-heading-default btn-white d-inline-block pix-hover-item       btn-lg\"     ><i class=\"font-weight-bold pixicon-phone  pix-hover-left  mr-1\"><\/i> <span class=\"font-weight-bold \" >Jetzt kontaktieren<\/span><\/a>\t\t<\/div>\n\t\t\t\t<\/div>\n\t\t\t\t\t<\/div>\n\t\t<\/div>\n\t\t\t\t<div class=\"elementor-column elementor-col-50 elementor-inner-column elementor-element elementor-element-4ec5577\" data-id=\"4ec5577\" data-element_type=\"column\" data-settings=\"{&quot;background_background&quot;:&quot;slideshow&quot;,&quot;background_slideshow_gallery&quot;:[{&quot;id&quot;:3661,&quot;url&quot;:&quot;http:\\\/\\\/euroinject.com\\\/wp-content\\\/uploads\\\/2024\\\/05\\\/building1.1.png&quot;}],&quot;background_slideshow_loop&quot;:&quot;yes&quot;,&quot;background_slideshow_slide_duration&quot;:5000,&quot;background_slideshow_slide_transition&quot;:&quot;fade&quot;,&quot;background_slideshow_transition_duration&quot;:500}\">\n\t\t\t<div class=\"elementor-widget-wrap\">\n\t\t\t\t\t\t\t\t\t<\/div>\n\t\t<\/div>\n\t\t\t\t\t\t\t<\/div>\n\t\t<\/section>\n\t\t\t\t\t<\/div>\n\t\t<\/div>\n\t\t\t\t\t\t\t<\/div>\n\t\t<\/section>\n\t\t\t\t\t\t\t<\/div>\n\t\t","protected":false},"excerpt":{"rendered":"<p>\u00dcber&#32; uns&#32; Ihr zuverl\u00e4ssiger Partner in der Welt der Automobil- und Industrielackierung seit 2008. Euroinject ist ein f\u00fchrender Hersteller von hochwertigen Verbrauchsmaterialien f\u00fcr die Automobil- und Industrielackierung. Unsere Vorteile: Produktion unter Eigenmarken Individueller Ansatz f\u00fcr jeden Kunden Breites Produktsortiment Attraktive&#8230;<\/p>\n","protected":false},"author":1,"featured_media":0,"parent":0,"menu_order":0,"comment_status":"closed","ping_status":"closed","template":"","meta":{"footnotes":""},"class_list":["post-4247","page","type-page","status-publish","hentry"],"_links":{"self":[{"href":"http:\/\/euroinject.com\/de\/wp-json\/wp\/v2\/pages\/4247","targetHints":{"allow":["GET"]}}],"collection":[{"href":"http:\/\/euroinject.com\/de\/wp-json\/wp\/v2\/pages"}],"about":[{"href":"http:\/\/euroinject.com\/de\/wp-json\/wp\/v2\/types\/page"}],"author":[{"embeddable":true,"href":"http:\/\/euroinject.com\/de\/wp-json\/wp\/v2\/users\/1"}],"replies":[{"embeddable":true,"href":"http:\/\/euroinject.com\/de\/wp-json\/wp\/v2\/comments?post=4247"}],"version-history":[{"count":16,"href":"http:\/\/euroinject.com\/de\/wp-json\/wp\/v2\/pages\/4247\/revisions"}],"predecessor-version":[{"id":4550,"href":"http:\/\/euroinject.com\/de\/wp-json\/wp\/v2\/pages\/4247\/revisions\/4550"}],"wp:attachment":[{"href":"http:\/\/euroinject.com\/de\/wp-json\/wp\/v2\/media?parent=4247"}],"curies":[{"name":"wp","href":"https:\/\/api.w.org\/{rel}","templated":true}]}}